{"id":9,"date":"2018-07-30T16:28:18","date_gmt":"2018-07-30T16:28:18","guid":{"rendered":"http:\/\/dev-wp.com\/?page_id=2"},"modified":"2018-09-05T18:24:10","modified_gmt":"2018-09-05T16:24:10","slug":"serveis","status":"publish","type":"page","link":"https:\/\/www.netegesmasmitja.com\/es\/serveis\/","title":{"rendered":"Servicios"},"content":{"rendered":"<div class=\"animation fadeInRight2 animated visible\">\n<div class=\"roll_right\">\n<h2><span>Limpieza industrial y mantenimiento en Alt Empord\u00e0<\/span><span><\/span><\/h2>\n<p>Neteges Masmitj\u00e0 dispone de veh\u00edculos de diferentes capacidades equipados con equipos mixtos de bomba y aspiraci\u00f3n para realizar los siguientes servicios a particulares, comunidades de vecinos, empresas y administraci\u00f3n p\u00fablica:<\/p>\n<ul class=\"list-unstyled\">\n<li><i class=\"fa fa-check\"><\/i>\u00a0Desatascos de ca\u00f1er\u00edas, sifones y bajantes de WV y lavadoras<\/li>\n<li><i class=\"fa fa-check\"><\/i>\u00a0Inspecci\u00f3n con c\u00e1maras robotizadas y detecci\u00f3n del problema<\/li>\n<li><i class=\"fa fa-check\"><\/i> Mantenimiento de ca\u00f1er\u00edas, alcantarillado, colectores y pozos<\/li>\n<li><i class=\"fa fa-check\"><\/i>\u00a0Limpieza de alcantarillado, fosas s\u00e9pticas, arquetas<\/li>\n<li><i class=\"fa fa-check\"><\/i> Drenaje y limpieza de piscinas<\/li>\n<li><i class=\"fa fa-check\"><\/i>\u00a0Bombeo de agua en caso de inundaci\u00f3n de parkings, locales, escuelas, casas...<\/li>\n<\/ul>\n<div class=\"text-center\"><a href=\"tel:626209208\" class=\"btn btn-primary btn-lg\"> Ll\u00e1manos al 626 209 208 <\/a><\/div>\n<div>\n<h2>DESATASCOS<\/h2>\n<\/div>\n<div>\n<div>\n<div>\n<div>\n<p><img decoding=\"async\" loading=\"lazy\" src=\"https:\/\/www.netegesmasmitja.com\/wp-content\/uploads\/2018\/08\/DSC_0248-300x201.jpg\" alt=\"\" class=\"size-medium wp-image-219 alignright\" width=\"300\" height=\"201\" srcset=\"https:\/\/www.netegesmasmitja.com\/wp-content\/uploads\/2018\/08\/DSC_0248-300x201.jpg 300w, https:\/\/www.netegesmasmitja.com\/wp-content\/uploads\/2018\/08\/DSC_0248-360x240.jpg 360w, https:\/\/www.netegesmasmitja.com\/wp-content\/uploads\/2018\/08\/DSC_0248.jpg 717w\" sizes=\"(max-width: 300px) 100vw, 300px\" \/>Necesitas un servicio de desatasco de bajantes? Buscas una soluci\u00f3n para las ca\u00f1er\u00edas embozadas?<\/p>\n<p>Neteges Masmitj\u00e0 se desplaza por todo el Alt Empord\u00e0 para desatascar bajantes de WV, bajantes de lluvia, sifones... Limpiamos arquetas, alcantarillado, fosas s\u00e9pticas, etc. Disponemos de todo el material y equipo de \u00faltima generaci\u00f3n para detectar el origen del atasco y poner soluci\u00f3n.<\/p>\n<p>En definitiva, ofrecemos un servicio de desatascos r\u00e1pido y profesional para particulares, comunidades de vecinos, empresas y administraci\u00f3n p\u00fablica<\/p>\n<div class=\"text-center\">\n<p><a href=\"tel:626209208\" class=\"btn btn-primary btn-lg\"> Ll\u00e1manos al 626 209 208 <\/a><\/p>\n<hr \/>\n<\/div>\n<div>\n<h2>INUNDACIONES<\/h2>\n<\/div>\n<div>\n<div>\n<div>\n<div>\n<p><img decoding=\"async\" loading=\"lazy\" src=\"https:\/\/www.netegesmasmitja.com\/wp-content\/uploads\/2018\/08\/CAM00073-225x300.jpg\" alt=\"\" class=\"size-medium wp-image-221 alignright\" width=\"225\" height=\"300\" srcset=\"https:\/\/www.netegesmasmitja.com\/wp-content\/uploads\/2018\/08\/CAM00073-225x300.jpg 225w, https:\/\/www.netegesmasmitja.com\/wp-content\/uploads\/2018\/08\/CAM00073.jpg 480w\" sizes=\"(max-width: 225px) 100vw, 225px\" \/>Necesitas una solucion para el parking inundado? Tu local comercial se ha inundado? Las lluvias han inundado la escuela? Tienes que drenar el agua del subterr\u00e1neo?<\/p>\n<p>Neteges Masmitj\u00e0 ofrece el servicio de drenaje por inundaci\u00f3n de parkings, subterr\u00e1neos, locales comerciales y edificios p\u00fablicos en Alt Empord\u00e0. Disponemos de veh\u00edculos equipados con bomba y aspiraci\u00f3n que pueden pasar por los lugares m\u00e1s estrechos y acceder a parkings.<\/p>\n<p>Adem\u00e1s, siempre recomendamos hacer un mantenimiento de las instalaciones para prevenir problemas. Realizamos limpieza de pasantes de carreteras, limpiamos ca\u00f1er\u00edas de urbanizaciones llenas de arena, inspeccionamos el alcantarillado y ca\u00f1er\u00edas, etc.<\/p>\n<div class=\"text-center\">\n<p><a href=\"tel:626209208\" class=\"btn btn-primary btn-lg\"> Ll\u00e1manos al 626 209 208 <\/a><\/p>\n<hr \/>\n<\/div>\n<\/div>\n<h2>MANTENIMIENTO<\/h2>\n<p><img decoding=\"async\" loading=\"lazy\" src=\"https:\/\/www.netegesmasmitja.com\/wp-content\/uploads\/2018\/09\/vita-vilcina-3217-unsplash-300x201.jpg\" alt=\"\" class=\"size-medium wp-image-283 alignright\" width=\"300\" height=\"201\" srcset=\"https:\/\/www.netegesmasmitja.com\/wp-content\/uploads\/2018\/09\/vita-vilcina-3217-unsplash-300x201.jpg 300w, https:\/\/www.netegesmasmitja.com\/wp-content\/uploads\/2018\/09\/vita-vilcina-3217-unsplash-768x514.jpg 768w, https:\/\/www.netegesmasmitja.com\/wp-content\/uploads\/2018\/09\/vita-vilcina-3217-unsplash-1024x685.jpg 1024w, https:\/\/www.netegesmasmitja.com\/wp-content\/uploads\/2018\/09\/vita-vilcina-3217-unsplash-360x240.jpg 360w\" sizes=\"(max-width: 300px) 100vw, 300px\" \/>Buscas un servicio profesional de mantenimiento de alcantarillado? Tienes que realizar la limpieza de ca\u00f1er\u00edas llenas de arena? Necesitas un servicio de limpieza de fosa s\u00e9ptica en el Alt Empord\u00e0?<\/p>\n<p>En Neteges Masmitj\u00e0 somos especialistas en:<\/p>\n<ul class=\"list-unstyled\">\n<li><i class=\"fa fa-check\"><\/i>\u00a0<strong>Inspecci\u00f3n de redes de alcantarillado<\/strong>. Equipados con detectores y c\u00e1maras, realizamos un diagn\u00f3stico de alcantarillado, detectamos anomal\u00edas y los obst\u00e1culos y ofrecemos soluci\u00f3n. Por ejemplo, podemos detectar ra\u00edces en las ca\u00f1er\u00edas y eliminarlas. Servicio de control de calidad de la red de saneamiento.<\/li>\n<li><i class=\"fa fa-check\"><\/i>\u00a0 <strong>Limpieza de arquetas, fosas s\u00e9pticas y pozos negros<\/strong>. Servicio profesional de inpecci\u00f3n, drenaje y limpieza de arquetas, fosas s\u00e9pticas y pozos negros.<\/li>\n<li><i class=\"fa fa-check\"><\/i>\u00a0 <strong>Limpieza de pozos<\/strong>.<\/li>\n<li><i class=\"fa fa-check\"><\/i>\u00a0 <strong>Drenaje y limpieza de piscinas<\/strong>. No te preocupes por vaciar y limpiar la piscina. Dejamos tu piscina preparada para la temporada de verano.<\/li>\n<\/ul>\n<\/div>\n<p>&nbsp;<\/p>\n<div class=\"text-center\"><a href=\"tel:626209208\" class=\"btn btn-primary btn-lg\">\u00a0Ll\u00e1manos al 626 209 208 <\/a><\/div>\n<p><script type=\"application\/ld+json\">\n{\n  \"@context\": \"http:\/\/schema.org\/\",\n  \"@type\": \"Service\",\n  \"serviceType\": \"Desembussos i neteja industrial\",\n  \"provider\": {\n    \"@type\": \"LocalBusiness\",\n    \"name\": \"Neteges Masmitj\u00e0\",\n    \"image\": \"http:\/\/desembussosfigueres.com\/cat\/Portals\/0\/Images\/LogoNetegesMasmitja.jpg\",\n    \"address\": \"Carrer Pujada, 20, 17750 Capmany\",\n    \"priceRange\": \"50\u20ac to 300\u20ac\",\n    \"telephone\": \"626 209 208\"\n  },\n  \"areaServed\": {\n    \"@type\": \"State\",\n    \"name\": \"Alt Empord\u00e0\"\n  },\n  \"hasOfferCatalog\": {\n    \"@type\": \"OfferCatalog\",\n    \"name\": \"Desembussos i Neteja Industrial\",\n    \"itemListElement\": [\n      {\n            \"@type\": \"Offer\",\n            \"itemOffered\": {\n              \"@type\": \"Service\",\n              \"name\": \"Desemb\u00fas de canonades i baixants\"\n            }\n          },\n          {\n            \"@type\": \"Offer\",\n            \"itemOffered\": {\n              \"@type\": \"Service\",\n              \"name\": \"Extracci\u00f3 d'aigua a parkings inundats\"\n            }\n          },\n          {\n            \"@type\": \"Offer\",\n            \"itemOffered\": {\n              \"@type\": \"Service\",\n              \"name\": \"Manteniment de canonades i fosses s\u00e8ptiques\"\n            }\n          },\n          {\n            \"@type\": \"Offer\",\n            \"itemOffered\": {\n              \"@type\": \"Service\",\n              \"name\": \"Detecci\u00f3, inspecci\u00f3 \u00f2ptica amb c\u00e0meres robotitzades.\"\n            }\n          },\n          {\n            \"@type\": \"Offer\",\n            \"itemOffered\": {\n              \"@type\": \"Service\",\n              \"name\": \"Neteja de pous\"\n            }\n          },\n          {\n            \"@type\": \"Offer\",\n            \"itemOffered\": {\n              \"@type\": \"Service\",\n              \"name\": \"Buidatge i neteja de piscines\"\n            }\n          } \n        ]\n  }\n}\n<\/script><\/p>\n<\/div>\n<\/div>\n<\/div>\n<\/div>\n<\/div>\n<\/div>\n<\/div>\n<\/div>","protected":false},"excerpt":{"rendered":"<p>Neteja industrial i manteniment a l&#8217;Alt Empord\u00e0 Neteges Masmitj\u00e0 disposa de vehicles de diferents capacitats equipats amb equips mixts de bomba i aspirador per realitzar els seg\u00fcents serveis a particulars, comunitats de ve\u00efns, empreses i administraci\u00f3 p\u00fablica: \u00a0Desembussos de canonades, sifons i baixants de wc i rentadores \u00a0Inspecci\u00f3 amb c\u00e0meres [&hellip;]<\/p>","protected":false},"author":1,"featured_media":275,"parent":0,"menu_order":0,"comment_status":"closed","ping_status":"open","template":"","meta":[],"_links":{"self":[{"href":"https:\/\/www.netegesmasmitja.com\/es\/wp-json\/wp\/v2\/pages\/9"}],"collection":[{"href":"https:\/\/www.netegesmasmitja.com\/es\/wp-json\/wp\/v2\/pages"}],"about":[{"href":"https:\/\/www.netegesmasmitja.com\/es\/wp-json\/wp\/v2\/types\/page"}],"author":[{"embeddable":true,"href":"https:\/\/www.netegesmasmitja.com\/es\/wp-json\/wp\/v2\/users\/1"}],"replies":[{"embeddable":true,"href":"https:\/\/www.netegesmasmitja.com\/es\/wp-json\/wp\/v2\/comments?post=9"}],"version-history":[{"count":3,"href":"https:\/\/www.netegesmasmitja.com\/es\/wp-json\/wp\/v2\/pages\/9\/revisions"}],"predecessor-version":[{"id":284,"href":"https:\/\/www.netegesmasmitja.com\/es\/wp-json\/wp\/v2\/pages\/9\/revisions\/284"}],"wp:featuredmedia":[{"embeddable":true,"href":"https:\/\/www.netegesmasmitja.com\/es\/wp-json\/wp\/v2\/media\/275"}],"wp:attachment":[{"href":"https:\/\/www.netegesmasmitja.com\/es\/wp-json\/wp\/v2\/media?parent=9"}],"curies":[{"name":"wp","href":"https:\/\/api.w.org\/{rel}","templated":true}]}}