{"id":79,"date":"2018-07-30T18:45:19","date_gmt":"2018-07-30T18:45:19","guid":{"rendered":"http:\/\/dev-wp.com\/?page_id=79"},"modified":"2018-09-05T18:19:08","modified_gmt":"2018-09-05T16:19:08","slug":"qui-som","status":"publish","type":"page","link":"https:\/\/www.netegesmasmitja.com\/es\/qui-som\/","title":{"rendered":"Quienes somos"},"content":{"rendered":"<p>Neteges Masmitj\u00e0 SL es una empresa familiar de Capmany (Alt Empord\u00e0) con muchos a\u00f1os de experiencia en el sector de la limpieza industrial y mentenimiento de ca\u00f1er\u00edas. Somos especialistas en:<\/p>\n<ul class=\"list-unstyled\">\n<li><i class=\"fa fa-check\"><\/i> Desatasco de ca\u00f1er\u00edas<\/li>\n<li><i class=\"fa fa-check\"><\/i> Detecci\u00f3n e inspecci\u00f3n de ca\u00f1er\u00edas<\/li>\n<li><i class=\"fa fa-check\"><\/i> Desatascos de bajantes de WC y lavadoras<\/li>\n<li><i class=\"fa fa-check\"><\/i> Desatasco de sifones<\/li>\n<li><i class=\"fa fa-check\"><\/i> Limpieza de arquetas y pozos<\/li>\n<li><i class=\"fa fa-check\"><\/i> Limpieza de fosas s\u00e9pticas<\/li>\n<li><i class=\"fa fa-check\"><\/i> Bombeo de parkings, casas o locales inundados<\/li>\n<li><i class=\"fa fa-check\"><\/i> Drenaje y limpieza de piscinas<\/li>\n<\/ul>\n<p>En Neteges Masmitj\u00e0 apostamos por la innovaci\u00f3n y disponemos de equipos de \u00faltima generaci\u00f3n. Todos nuestros veh\u00edculos pasan las inspecciones anuales de la Agencia de Residuos de Catalunya. Contamos con diferentes tipos de camiones; entre ellos, un veh\u00edculo para poder pasar por lugares estrechos y acceder a parkings inundados.<\/p>\n<p>Ofrecemos nuestros servicios a particulares, empresas, ayuntamientos y otras instituciones p\u00fablicas del Alt Empord\u00e0.<\/p>","protected":false},"excerpt":{"rendered":"<p>Neteges Masmitj\u00e0 SL \u00e9s una empresa familiar de Capmany (Alt Empord\u00e0) amb molts anys d&#8217;experi\u00e8ncia en el sector de la neteja industrial i manteniment de canonades. Som especialistes en: desemb\u00fas de canonades detecci\u00f3 i inspecci\u00f3 de canonades desembussos de baixants de wc i rentadores desemb\u00fas de sifons neteja d&#8217;arquetes i [&hellip;]<\/p>","protected":false},"author":1,"featured_media":266,"parent":0,"menu_order":0,"comment_status":"closed","ping_status":"closed","template":"","meta":[],"_links":{"self":[{"href":"https:\/\/www.netegesmasmitja.com\/es\/wp-json\/wp\/v2\/pages\/79"}],"collection":[{"href":"https:\/\/www.netegesmasmitja.com\/es\/wp-json\/wp\/v2\/pages"}],"about":[{"href":"https:\/\/www.netegesmasmitja.com\/es\/wp-json\/wp\/v2\/types\/page"}],"author":[{"embeddable":true,"href":"https:\/\/www.netegesmasmitja.com\/es\/wp-json\/wp\/v2\/users\/1"}],"replies":[{"embeddable":true,"href":"https:\/\/www.netegesmasmitja.com\/es\/wp-json\/wp\/v2\/comments?post=79"}],"version-history":[{"count":1,"href":"https:\/\/www.netegesmasmitja.com\/es\/wp-json\/wp\/v2\/pages\/79\/revisions"}],"predecessor-version":[{"id":258,"href":"https:\/\/www.netegesmasmitja.com\/es\/wp-json\/wp\/v2\/pages\/79\/revisions\/258"}],"wp:featuredmedia":[{"embeddable":true,"href":"https:\/\/www.netegesmasmitja.com\/es\/wp-json\/wp\/v2\/media\/266"}],"wp:attachment":[{"href":"https:\/\/www.netegesmasmitja.com\/es\/wp-json\/wp\/v2\/media?parent=79"}],"curies":[{"name":"wp","href":"https:\/\/api.w.org\/{rel}","templated":true}]}}