{"id":343,"date":"2019-05-09T17:26:09","date_gmt":"2019-05-09T15:26:09","guid":{"rendered":"https:\/\/www.netegesmasmitja.com\/?page_id=343"},"modified":"2019-05-09T17:26:11","modified_gmt":"2019-05-09T15:26:11","slug":"politica-de-cookies","status":"publish","type":"page","link":"https:\/\/www.netegesmasmitja.com\/es\/politica-de-cookies\/","title":{"rendered":"Pol\u00edtica de Cookies"},"content":{"rendered":"<p>En compliment de la Llei 34\/2002 de Serveis de la Informaci\u00f3 i del Comer\u00e7 Electr\u00f2nic (LSSICE), s\u2019informa dels seg\u00fcents aspectes legals de la web:<\/p>\n\n\n\n<ul><li>Web: www.netegesmasmitja.com <\/li><li>Titular: NETEGES MASMITJA, S.L. (en endavant NETEGES MASMITJA)<\/li><li>Domicili: CALLE PUJADA, 20, 17750 CAPMANY (Gerona)<\/li><li>C.I.F: B55054332 <\/li><li>Tel\u00e8fon: 626 209 208<\/li><li>Correu electr\u00f2nic: info@netegesmasmitja.com <\/li><\/ul>\n\n\n\n<p>NETEGES MASMITJA pot recopilar informaci\u00f3 sobre els h\u00e0bits de recerca dels usuaris del lloc web per mitj\u00e0 de cookies o arxius de registre. No s&#8217;utilitzaran les cookies per recollir informaci\u00f3 de car\u00e0cter personal. Nom\u00e9s s&#8217;instal\u00b7laran si l&#8217;Usuari roman i continua navegant a la nostra p\u00e0gina web, entenent que consenteix el seu \u00fas i instal\u00b7laci\u00f3. A continuaci\u00f3 proporcionem informaci\u00f3 detallada sobre: \u200b\u200bqu\u00e8 s\u00f3n les &#8220;cookies&#8221;, quina tipologia utilitza aquest lloc web, com poden desactivar-les en el navegador i com bloquejar espec\u00edficament la instal\u00b7laci\u00f3 de Cookies de tercers.<\/p>\n\n\n\n<p><strong>Qu\u00e8 s\u00f3n les cookies?<\/strong><br>Les cookies s\u00f3n petits arxius de text generats per les p\u00e0gines web que l&#8217;usuari visita, les quals contenen les dades de sessi\u00f3 que poden ser d&#8217;utilitat m\u00e9s endavant en la p\u00e0gina web. Les dades permeten que la p\u00e0gina web pugui mantenir la seva informaci\u00f3 entre les p\u00e0gines, i tamb\u00e9 per analitzar la forma d&#8217;interactuar amb el lloc.<br><br>Les cookies s\u00f3n segures ja que nom\u00e9s poden emmagatzemar la informaci\u00f3 que es va posar en el seu lloc pel navegador, la informaci\u00f3 que l&#8217;usuari hagu\u00e9s introdu\u00eft en el navegador o la que s&#8217;inclou en la sol\u00b7licitud de p\u00e0gina. No poden executar codi i no es poden utilitzar per accedir a l&#8217;equip de l&#8217;Usuari.<br><br>Les cookies s\u00f3n essencials per al funcionament d&#8217;Internet, aportant innombrables avantatges en la prestaci\u00f3 de serveis interactius, facilitant la navegaci\u00f3 i usabilitat de les p\u00e0gines web. Les cookies no poden danyar els equips i que estiguin activades ajuda a identificar i resoldre els errors.<\/p>\n\n\n\n<p><strong>Tipus de cookies<\/strong><br> A continuaci\u00f3, proporcionem m\u00e9s informaci\u00f3 perqu\u00e8 s&#8217;entenguin millor els diferents tipus de cookies que poden ser utilitzats:<\/p>\n\n\n\n<p><strong>Segons la seva finalitat:<\/strong><\/p>\n\n\n\n<ul><li><strong>Cookies t\u00e8cniques<\/strong><br>Les cookies t\u00e8cniques s\u00f3n aquelles imprescindibles i estrictament necess\u00e0ries per al correcte funcionament d&#8217;un portal web i la utilitzaci\u00f3 de les diferents opcions i serveis que ofereix.<br>Per exemple, les que serveixen per al manteniment de la sessi\u00f3, la gesti\u00f3 del temps de resposta, rendiment o validaci\u00f3 d&#8217;opcions, utilitzar elements de seguretat, compartir contingut amb xarxes socials, etc.<\/li><li><strong>Cookies de personalitzaci\u00f3<\/strong><br>Aquestes cookies permeten a l&#8217;usuari especificar o personalitzar algunes caracter\u00edstiques de les opcions generals de la p\u00e0gina web, per exemple, definir l&#8217;idioma, configuraci\u00f3 regional o tipus de navegador.<\/li><li><strong>Cookies anal\u00edtiques<\/strong><br>Les cookies anal\u00edtiques s\u00f3n les utilitzades pels nostres portals Web, per elaborar perfils de navegaci\u00f3 i poder con\u00e8ixer les prefer\u00e8ncies dels usuaris del mateix per tal de millorar l&#8217;oferta de productes i serveis.<br>Per exemple, mitjan\u00e7ant una cookie anal\u00edtica es controlarien les \u00e0rees geogr\u00e0fiques de major inter\u00e8s d&#8217;un usuari, quin \u00e9s el producte de m\u00e9s acceptaci\u00f3, etc.<\/li><li><strong>Cookies publicit\u00e0ries \/ de publicitat<\/strong><br>Les cookies publicit\u00e0ries permeten la gesti\u00f3 dels espais publicitaris en base a criteris concrets. Per exemple la freq\u00fc\u00e8ncia d&#8217;acc\u00e9s, el contingut editat, etc.<br>Les cookies de publicitat permeten a trav\u00e9s de la gesti\u00f3 de la publicitat emmagatzemar informaci\u00f3 del comportament a trav\u00e9s de l&#8217;observaci\u00f3 d&#8217;h\u00e0bits, estudiant els accessos i formant un perfil de prefer\u00e8ncies de l&#8217;usuari, per oferir publicitat relacionada amb els interessos del seu perfil.<\/li><\/ul>\n\n\n\n<p><strong>Segons pla\u00e7<\/strong><\/p>\n\n\n\n<ul><li><strong>Cookies de sessi\u00f3<\/strong><br>Les cookies de sessi\u00f3 s\u00f3n aquelles que duren el temps que l&#8217;usuari est\u00e0 navegant per la p\u00e0gina web i s&#8217;esborren al final.<\/li><li><strong>Cookies persistents<\/strong><br>Aquestes cookies queden emmagatzemades en el terminal de l&#8217;usuari, per un temps m\u00e9s llarg, facilitant aix\u00ed el control de les prefer\u00e8ncies escollides sense haver de repetir certs par\u00e0metres cada vegada que es visiti el lloc web.<\/li><\/ul>\n\n\n\n<p><strong>Relaci\u00f3 i descripci\u00f3 de &#8216;cookies&#8217;<\/strong><br>La taula que publiquem a continuaci\u00f3 recull de forma esquematitzada les cookies anteriorment descrites i utilitzades en la nostra p\u00e0gina web:<\/p>\n\n\n\n<table class=\"wp-block-table\"><tbody><tr><td><strong>Domini<\/strong><\/td><td><strong>Nombre<\/strong><\/td><td><strong>Duraci\u00f3<\/strong><\/td><td><strong>Prop\u00f2sit<\/strong><\/td><td><strong>Tamany<\/strong><\/td><\/tr><tr><td>.google.com<\/td><td>1P_JAR<\/td><td>15 dies<\/td><td>Cookie que transfereix dades a Google per a fer la publicitat m\u00e9s atractiva.<\/td><td>16<\/td><\/tr><tr><td>.google.com<\/td><td>CONSENT<\/td><td>Permanent<\/td><td>Llancen un missatge a l&#8217;usuari visitant, perqu\u00e8 est\u00e0 al corrent que el nostre lloc web utilitza cookies<\/td><td>16<\/td><\/tr><tr><td>.google.com<\/td><td>NID<\/td><td>6 mesos<\/td><td>Aquestes cookies s\u00f3n utilitzats per Google per a emmagatzemar les prefer\u00e8ncies de l&#8217;usuari.<\/td><td>178<\/td><\/tr><tr><td>.netegesmasmitja.com<\/td><td>obfx-policy-consent<\/td><td>1 any<\/td><td>Gestiona el consentiment de l&#8217;usuari per a l&#8217;\u00fas de les cookies en la p\u00e0gina web, a fi de recordar aquells usuaris que les han acceptat i aquells que no.<\/td><td>27<\/td><\/tr><\/tbody><\/table>\n\n\n\n<p><strong>Consentiment.<\/strong><br>Al navegar i continuar en el nostre web, el\/la usuari\/a estar\u00e0 consentint l\u2019\u00fas de les cookies abans anunciades, pels per\u00edodes assenyalats anteriorment i en les condicions contingudes en la present Pol\u00edtica de Cookies. .<\/p>\n\n\n\n<p><strong>Retirada del Consentiment.<\/strong><br>L\u2019usuari podr\u00e0 retirar en qualsevol moment el seu consentiment relacionat amb aquesta Pol\u00edtica de cookies, per aix\u00f2 haur\u00e0 d\u2019eliminar les cookies emmagatzemades al seu equip utilitzant els ajustos i configuracions del seu navegador d\u2019internet.<\/p>\n\n\n\n<p><strong>Gesti\u00f3 de cookies: Garanties complement\u00e0ries.<\/strong><br>Tots els navegadors d&#8217;Internet permeten limitar el comportament d&#8217;una cookie o desactivar-les dins de la configuraci\u00f3 o les opcions del navegador. Els passos per fer-ho s\u00f3n diferents per a cada navegador, podent-se trobar instruccions en el men\u00fa d&#8217;ajuda de cada navegador.<br><br>Molts navegadors permeten activar un mode privat mitjan\u00e7ant el qual les cookies s&#8217;esborren sempre despr\u00e9s de la visita. Depenent de cada navegador aquesta manera privat, pot tenir diferents noms. A continuaci\u00f3 es pot trobar una llista dels navegadors m\u00e9s comuns amb un enlla\u00e7 a la configuraci\u00f3 de cookies i els diferents noms d&#8217;aquest &#8220;mode privat&#8221;:<\/p>\n\n\n\n<ul><li> <strong>Internet Explorer<\/strong>: http:\/\/windows.microsoft.com\/es-xl\/internet-explorer\/delete-manage-cookies#ie=ie-11 <\/li><li> <strong>FireFox<\/strong>: https:\/\/support.mozilla.org\/es\/kb\/Borrar%20cookies <\/li><li> <strong>Chrome<\/strong>: https:\/\/support.google.com\/chrome\/answer\/95647?hl=es <\/li><li> <strong>Safari<\/strong>: http:\/\/www.apple.com\/legal\/privacy\/es\/cookies\/ <\/li><li> <strong>Opera<\/strong>: http:\/\/help.opera.com\/Linux\/10.50\/en\/cookies.html <\/li><li> <strong>Safari para iOS (dispositivos iPhone y iPad)<\/strong>: http:\/\/help.opera.com\/Linux\/10.50\/en\/cookies.html <\/li><li> <strong>Chrome para Android<\/strong>: https:\/\/support.google.com\/chrome\/answer\/2392971?hl=es <\/li><li> <strong>Windows Phone<\/strong>: http:\/\/www.windowsphone.com\/es-es\/how-to\/wp7\/web\/changing-privacy-and-other-browser- <\/li><\/ul>\n\n\n\n<p>Per obtenir m\u00e9s informaci\u00f3 sobre l\u2019eliminaci\u00f3, deshabilitaci\u00f3 o bloqueig de les cookies tamb\u00e9 pot: <a href=\"http:\/\/www.aboutcookies.org\/Default.aspx?page=2\">http:\/\/www.aboutcookies.org\/Default.aspx?page=2<\/a><\/p>\n\n\n\n<p><strong>Actualizaci\u00f3 de la pol\u00edtica de cookies. <\/strong><br>Aquest lloc web pot modificar aquesta Pol\u00edtica de Cookies, per aix\u00f2 li recomanem revisar aquesta pol\u00edtica cada vegada que accedeixi al nostre lloc web per tal d\u2019estar adequadament informat sobre l\u2019\u00fas que en fem de les cookies. <\/p>","protected":false},"excerpt":{"rendered":"<p>En compliment de la Llei 34\/2002 de Serveis de la Informaci\u00f3 i del Comer\u00e7 Electr\u00f2nic (LSSICE), s\u2019informa dels seg\u00fcents aspectes legals de la web: Web: www.netegesmasmitja.com Titular: NETEGES MASMITJA, S.L. (en endavant NETEGES MASMITJA) Domicili: CALLE PUJADA, 20, 17750 CAPMANY (Gerona) C.I.F: B55054332 Tel\u00e8fon: 626 209 208 Correu electr\u00f2nic: info@netegesmasmitja.com [&hellip;]<\/p>","protected":false},"author":1,"featured_media":0,"parent":0,"menu_order":0,"comment_status":"closed","ping_status":"closed","template":"","meta":[],"_links":{"self":[{"href":"https:\/\/www.netegesmasmitja.com\/es\/wp-json\/wp\/v2\/pages\/343"}],"collection":[{"href":"https:\/\/www.netegesmasmitja.com\/es\/wp-json\/wp\/v2\/pages"}],"about":[{"href":"https:\/\/www.netegesmasmitja.com\/es\/wp-json\/wp\/v2\/types\/page"}],"author":[{"embeddable":true,"href":"https:\/\/www.netegesmasmitja.com\/es\/wp-json\/wp\/v2\/users\/1"}],"replies":[{"embeddable":true,"href":"https:\/\/www.netegesmasmitja.com\/es\/wp-json\/wp\/v2\/comments?post=343"}],"version-history":[{"count":2,"href":"https:\/\/www.netegesmasmitja.com\/es\/wp-json\/wp\/v2\/pages\/343\/revisions"}],"predecessor-version":[{"id":345,"href":"https:\/\/www.netegesmasmitja.com\/es\/wp-json\/wp\/v2\/pages\/343\/revisions\/345"}],"wp:attachment":[{"href":"https:\/\/www.netegesmasmitja.com\/es\/wp-json\/wp\/v2\/media?parent=343"}],"curies":[{"name":"wp","href":"https:\/\/api.w.org\/{rel}","templated":true}]}}