{"id":319,"date":"2018-07-30T16:33:47","date_gmt":"2018-07-30T16:33:47","guid":{"rendered":"https:\/\/www.netegesmasmitja.com\/inicio\/"},"modified":"2018-09-05T19:42:00","modified_gmt":"2018-09-05T17:42:00","slug":"inicio","status":"publish","type":"page","link":"https:\/\/www.netegesmasmitja.com\/es\/inicio\/","title":{"rendered":"Inicio"},"content":{"rendered":"<div class=\"col-md-5\">\n<h5><span>ESTAMOS A SU DISPOSICI\u00d3N<br \/>\n<\/span><\/h5>\n<p><span>Neteges Masmitj\u00e0 ofrece un servicio r\u00e1pido y sin contratiempos gracias al amplio conocimiento sobre nuestro trabajo. De esta manera podemos avanzar, preveer y prevenir cosas que otros no pueden por falta de experiencia<\/span><span>.<\/span><\/p>\n<\/div>\n<div class=\"col-md-6 col-md-offset-1\"><span><img decoding=\"async\" loading=\"lazy\" src=\"https:\/\/www.netegesmasmitja.com\/wp-content\/uploads\/2018\/08\/PETERBOROUGH-DRAIN-CLEANING-1024x370.png\" alt=\"\" class=\"alignnone size-large wp-image-241\" width=\"750\" height=\"271\" srcset=\"https:\/\/www.netegesmasmitja.com\/wp-content\/uploads\/2018\/08\/PETERBOROUGH-DRAIN-CLEANING-1024x370.png 1024w, https:\/\/www.netegesmasmitja.com\/wp-content\/uploads\/2018\/08\/PETERBOROUGH-DRAIN-CLEANING-300x108.png 300w, https:\/\/www.netegesmasmitja.com\/wp-content\/uploads\/2018\/08\/PETERBOROUGH-DRAIN-CLEANING-768x277.png 768w, https:\/\/www.netegesmasmitja.com\/wp-content\/uploads\/2018\/08\/PETERBOROUGH-DRAIN-CLEANING.png 1920w\" sizes=\"(max-width: 750px) 100vw, 750px\" \/><\/span><\/div>\n<p><script type=\"application\/ld+json\">\n{\n  \"@context\": \"http:\/\/schema.org\",\n  \"@type\": \"Organization\",\n  \"address\": {\n    \"@type\": \"PostalAddress\",\n    \"addressLocality\": \"Capmany, Girona\",\n    \"postalCode\": \"17750\",\n    \"streetAddress\": \"Carrer Pujada, 20\"\n  },\n  \"email\": \"info@netegesmasmitja.com\",\n  \"url\": \"http:\/\/www.netegesmasmitja.com\",\n  \"name\": \"Neteges Masmitj\u00e0\",\n  \"telephone\": \"+34 626 209 208\",\n  \"contactPoint\": {\n    \"@type\": \"ContactPoint\",\n    \"telephone\": \"+34626209208\",\n    \"contactType\": \"Customer Service\"\n  }\n}<\/p>\n<p>{\n      \"@context\": \"http:\/\/schema.org\/\",\n      \"@type\": \"Review\",\n      \"author\": \"Ricard de Figueres\",\n      \"reviewBody\": \"Treball r\u00e0pid i sense problemes. Recomanats!\",\n      \"itemReviewed\": {\n        \"@type\": \"Organization\",\n        \"name\": \"Neteges Masmitj\u00e0\",\n        \"image\": \"http:\/\/desembussosfigueres.com\/cat\/portals\/0\/Images\/DSC_0251.JPG\",\n        \"address\": \"Carrer Pujada, 20, 17750, Capmany\"\n      },\n      \"reviewRating\": {\n        \"@type\": \"Rating\",\n        \"ratingValue\": 5,\n        \"worstRating\": 1,\n        \"bestRating\": 5\n      }\n    }\n<\/script><\/p>","protected":false},"excerpt":{"rendered":"<p>ESTAMOS A SU DISPOSICI\u00d3N Neteges Masmitj\u00e0 ofrece un servicio r\u00e1pido y sin contratiempos gracias al amplio conocimiento sobre nuestro trabajo. De esta manera podemos avanzar, preveer y prevenir cosas que otros no pueden por falta de experiencia.<\/p>","protected":false},"author":1,"featured_media":0,"parent":0,"menu_order":0,"comment_status":"closed","ping_status":"closed","template":"","meta":[],"_links":{"self":[{"href":"https:\/\/www.netegesmasmitja.com\/es\/wp-json\/wp\/v2\/pages\/319"}],"collection":[{"href":"https:\/\/www.netegesmasmitja.com\/es\/wp-json\/wp\/v2\/pages"}],"about":[{"href":"https:\/\/www.netegesmasmitja.com\/es\/wp-json\/wp\/v2\/types\/page"}],"author":[{"embeddable":true,"href":"https:\/\/www.netegesmasmitja.com\/es\/wp-json\/wp\/v2\/users\/1"}],"replies":[{"embeddable":true,"href":"https:\/\/www.netegesmasmitja.com\/es\/wp-json\/wp\/v2\/comments?post=319"}],"version-history":[{"count":2,"href":"https:\/\/www.netegesmasmitja.com\/es\/wp-json\/wp\/v2\/pages\/319\/revisions"}],"predecessor-version":[{"id":327,"href":"https:\/\/www.netegesmasmitja.com\/es\/wp-json\/wp\/v2\/pages\/319\/revisions\/327"}],"wp:attachment":[{"href":"https:\/\/www.netegesmasmitja.com\/es\/wp-json\/wp\/v2\/media?parent=319"}],"curies":[{"name":"wp","href":"https:\/\/api.w.org\/{rel}","templated":true}]}}