{"id":9,"date":"2018-07-30T16:28:18","date_gmt":"2018-07-30T16:28:18","guid":{"rendered":"http:\/\/dev-wp.com\/?page_id=2"},"modified":"2018-09-05T18:24:10","modified_gmt":"2018-09-05T16:24:10","slug":"serveis","status":"publish","type":"page","link":"https:\/\/www.netegesmasmitja.com\/ca\/serveis\/","title":{"rendered":"Serveis"},"content":{"rendered":"<div class=\"animation fadeInRight2 animated visible\">\n<div class=\"roll_right\">\n<h2><span>Neteja industrial i manteniment a l&#8217;Alt Empord\u00e0<\/span><span><\/span><\/h2>\n<p>Neteges Masmitj\u00e0 disposa de vehicles de diferents capacitats equipats amb equips mixts de bomba i aspirador per realitzar els seg\u00fcents serveis a particulars, comunitats de ve\u00efns, empreses i administraci\u00f3 p\u00fablica:<\/p>\n<ul class=\"list-unstyled\">\n<li><i class=\"fa fa-check \"><\/i>\u00a0Desembussos de canonades, sifons i baixants de wc i rentadores<\/li>\n<li><i class=\"fa fa-check \"><\/i>\u00a0Inspecci\u00f3 amb c\u00e0meres robotitzades i detecci\u00f3 del problema<\/li>\n<li><i class=\"fa fa-check \"><\/i> Manteniment de canonades, clavegueram, col\u00b7lectors i pous<\/li>\n<li><i class=\"fa fa-check \"><\/i>\u00a0Neteja de clavegueram, fosses s\u00e8ptiques, arquetes<\/li>\n<li><i class=\"fa fa-check \"><\/i> Buidatge i neteja de piscines<\/li>\n<li><i class=\"fa fa-check \"><\/i>\u00a0Bombeig d&#8217;aigua en cas d&#8217;inundaci\u00f3 de parkings, locals, escoles, cases&#8230;<\/li>\n<\/ul>\n<div class=\"text-center\"><a href=\"tel:626209208\" class=\"btn btn-primary btn-lg\"> Truca&#8217;ns al 626 209 208 <\/a><\/div>\n<div>\n<h2>DESEMBUSSOS<\/h2>\n<\/div>\n<div>\n<div>\n<div>\n<div>\n<p><img decoding=\"async\" loading=\"lazy\" src=\"https:\/\/www.netegesmasmitja.com\/wp-content\/uploads\/2018\/08\/DSC_0248-300x201.jpg\" alt=\"\" class=\"size-medium wp-image-219 alignright\" width=\"300\" height=\"201\" srcset=\"https:\/\/www.netegesmasmitja.com\/wp-content\/uploads\/2018\/08\/DSC_0248-300x201.jpg 300w, https:\/\/www.netegesmasmitja.com\/wp-content\/uploads\/2018\/08\/DSC_0248-360x240.jpg 360w, https:\/\/www.netegesmasmitja.com\/wp-content\/uploads\/2018\/08\/DSC_0248.jpg 717w\" sizes=\"(max-width: 300px) 100vw, 300px\" \/>Necessites un servei de desemb\u00fas de baixants? Busques una soluci\u00f3 per les canonades embussades?<\/p>\n<p>Neteges Masmitj\u00e0 es despla\u00e7a per tot l&#8217;Alt Empord\u00e0 per desembussar baixants de wc, baixants\u00a0pluvials, sifons&#8230; Netegem arquetes, clavegueram, fosses s\u00e8ptiques, etc. Disposem de tot el material i equip d&#8217;\u00faltima generaci\u00f3 per detectar l&#8217;origen del desemb\u00fas i posar-hi remei.<\/p>\n<p>En definitiva, oferim un servei de desemb\u00fas r\u00e0pid i professional per a particulars, comunitats de\u00a0 ve\u00efns, empreses i administraci\u00f3 p\u00fablica<\/p>\n<div class=\"text-center\">\n<p><a href=\"tel:626209208\" class=\"btn btn-primary btn-lg\"> Truca&#8217;ns al 626 209 208 <\/a><\/p>\n<hr \/>\n<\/div>\n<div>\n<h2>INUNDACIONS<\/h2>\n<\/div>\n<div>\n<div>\n<div>\n<div>\n<p><img decoding=\"async\" loading=\"lazy\" src=\"https:\/\/www.netegesmasmitja.com\/wp-content\/uploads\/2018\/08\/CAM00073-225x300.jpg\" alt=\"\" class=\"size-medium wp-image-221 alignright\" width=\"225\" height=\"300\" srcset=\"https:\/\/www.netegesmasmitja.com\/wp-content\/uploads\/2018\/08\/CAM00073-225x300.jpg 225w, https:\/\/www.netegesmasmitja.com\/wp-content\/uploads\/2018\/08\/CAM00073.jpg 480w\" sizes=\"(max-width: 225px) 100vw, 225px\" \/>Necessites una soluci\u00f3 pel parking inundat? El teu local comercial s&#8217;ha inundat? Els aiguats han inundat l&#8217;escola? Has de drenar l&#8217;aigua del soterrani?<\/p>\n<p>Neteges Masmitj\u00e0 ofereix el servei de buidatge per inundaci\u00f3 de parkings, soterranis, locals comercials i edificis p\u00fablics a l&#8217;Alt Empord\u00e0. Disposem de vehicles equipats de bomba i aspirador que poden passar per carrers estrets i accedir a parkings.<\/p>\n<p>Tanmateix, sempre recomanem fer un manteniment de les instal\u00b7lacions per prevenir sobresalts. Realitzem neteges de passants de carreteres, netegem canonades d&#8217;urbanitzacions plenes de sorra, inspeccionem el clavegueram i les canonades, etc.<\/p>\n<div class=\"text-center\">\n<p><a href=\"tel:626209208\" class=\"btn btn-primary btn-lg\"> Truca&#8217;ns al 626 209 208 <\/a><\/p>\n<hr \/>\n<\/div>\n<\/div>\n<h2>MANTENIMENT<\/h2>\n<p><img decoding=\"async\" loading=\"lazy\" src=\"https:\/\/www.netegesmasmitja.com\/wp-content\/uploads\/2018\/09\/vita-vilcina-3217-unsplash-300x201.jpg\" alt=\"\" class=\"size-medium wp-image-283 alignright\" width=\"300\" height=\"201\" srcset=\"https:\/\/www.netegesmasmitja.com\/wp-content\/uploads\/2018\/09\/vita-vilcina-3217-unsplash-300x201.jpg 300w, https:\/\/www.netegesmasmitja.com\/wp-content\/uploads\/2018\/09\/vita-vilcina-3217-unsplash-768x514.jpg 768w, https:\/\/www.netegesmasmitja.com\/wp-content\/uploads\/2018\/09\/vita-vilcina-3217-unsplash-1024x685.jpg 1024w, https:\/\/www.netegesmasmitja.com\/wp-content\/uploads\/2018\/09\/vita-vilcina-3217-unsplash-360x240.jpg 360w\" sizes=\"(max-width: 300px) 100vw, 300px\" \/>Busques un servei professional de manteniment de clavegueram? Has de fer netejar les canonades plenes de sorra? Necessites un servei de neteja de fossa s\u00e8ptica a l&#8217;Alt Empord\u00e0?<\/p>\n<p>A Neteges Masmitj\u00e0 som especialistes en:<\/p>\n<ul class=\"list-unstyled\">\n<li><i class=\"fa fa-check \"><\/i>\u00a0<strong>Inspecci\u00f3 de xarxes de clavegueram<\/strong>. Equipats amb detectors i c\u00e0meres, realitzem un diagn\u00f2stic de les clavegueres, detectem les anomalies i els obstacles i finalment posem soluci\u00f3. Per exemple, podem detectar arrels a les canonades i eliminar-les. Servei de control de qualitat de xarxa de sanejament.<\/li>\n<li><i class=\"fa fa-check \"><\/i>\u00a0 <strong>Neteja d&#8217;arquetes, fosses s\u00e8ptiques i pous negres<\/strong>. Servei professional d&#8217;inspecci\u00f3, buidatge i neteja d&#8217;arqueta, fossa s\u00e8ptiques i pous negres.<\/li>\n<li><i class=\"fa fa-check \"><\/i>\u00a0 <strong>Neteja de pous<\/strong>.<\/li>\n<li><i class=\"fa fa-check \"><\/i>\u00a0 <strong>Buidatge i neteja de piscines<\/strong>. No et preocupis per buidar i netejar la piscina. Deixem la piscina preparada per la temporada d&#8217;estiu.<\/li>\n<\/ul>\n<\/div>\n<p>&nbsp;<\/p>\n<div class=\"text-center\"><a href=\"tel:626209208\" class=\"btn btn-primary btn-lg\">\u00a0Truca&#8217;ns al 626 209 208 <\/a><\/div>\n<p><script type=\"application\/ld+json\">\n{\n  \"@context\": \"http:\/\/schema.org\/\",\n  \"@type\": \"Service\",\n  \"serviceType\": \"Desembussos i neteja industrial\",\n  \"provider\": {\n    \"@type\": \"LocalBusiness\",\n    \"name\": \"Neteges Masmitj\u00e0\",\n    \"image\": \"http:\/\/desembussosfigueres.com\/cat\/Portals\/0\/Images\/LogoNetegesMasmitja.jpg\",\n    \"address\": \"Carrer Pujada, 20, 17750 Capmany\",\n    \"priceRange\": \"50\u20ac to 300\u20ac\",\n    \"telephone\": \"626 209 208\"\n  },\n  \"areaServed\": {\n    \"@type\": \"State\",\n    \"name\": \"Alt Empord\u00e0\"\n  },\n  \"hasOfferCatalog\": {\n    \"@type\": \"OfferCatalog\",\n    \"name\": \"Desembussos i Neteja Industrial\",\n    \"itemListElement\": [\n      {\n            \"@type\": \"Offer\",\n            \"itemOffered\": {\n              \"@type\": \"Service\",\n              \"name\": \"Desemb\u00fas de canonades i baixants\"\n            }\n          },\n          {\n            \"@type\": \"Offer\",\n            \"itemOffered\": {\n              \"@type\": \"Service\",\n              \"name\": \"Extracci\u00f3 d'aigua a parkings inundats\"\n            }\n          },\n          {\n            \"@type\": \"Offer\",\n            \"itemOffered\": {\n              \"@type\": \"Service\",\n              \"name\": \"Manteniment de canonades i fosses s\u00e8ptiques\"\n            }\n          },\n          {\n            \"@type\": \"Offer\",\n            \"itemOffered\": {\n              \"@type\": \"Service\",\n              \"name\": \"Detecci\u00f3, inspecci\u00f3 \u00f2ptica amb c\u00e0meres robotitzades.\"\n            }\n          },\n          {\n            \"@type\": \"Offer\",\n            \"itemOffered\": {\n              \"@type\": \"Service\",\n              \"name\": \"Neteja de pous\"\n            }\n          },\n          {\n            \"@type\": \"Offer\",\n            \"itemOffered\": {\n              \"@type\": \"Service\",\n              \"name\": \"Buidatge i neteja de piscines\"\n            }\n          } \n        ]\n  }\n}\n<\/script><\/p>\n<\/div>\n<\/div>\n<\/div>\n<\/div>\n<\/div>\n<\/div>\n<\/div>\n<\/div>\n","protected":false},"excerpt":{"rendered":"<p>Neteja industrial i manteniment a l&#8217;Alt Empord\u00e0 Neteges Masmitj\u00e0 disposa de vehicles de diferents capacitats equipats amb equips mixts de bomba i aspirador per realitzar els seg\u00fcents serveis a particulars, comunitats de ve\u00efns, empreses i administraci\u00f3 p\u00fablica: \u00a0Desembussos de canonades, sifons i baixants de wc i rentadores \u00a0Inspecci\u00f3 amb c\u00e0meres [&hellip;]<\/p>\n","protected":false},"author":1,"featured_media":275,"parent":0,"menu_order":0,"comment_status":"closed","ping_status":"open","template":"","meta":[],"_links":{"self":[{"href":"https:\/\/www.netegesmasmitja.com\/ca\/wp-json\/wp\/v2\/pages\/9"}],"collection":[{"href":"https:\/\/www.netegesmasmitja.com\/ca\/wp-json\/wp\/v2\/pages"}],"about":[{"href":"https:\/\/www.netegesmasmitja.com\/ca\/wp-json\/wp\/v2\/types\/page"}],"author":[{"embeddable":true,"href":"https:\/\/www.netegesmasmitja.com\/ca\/wp-json\/wp\/v2\/users\/1"}],"replies":[{"embeddable":true,"href":"https:\/\/www.netegesmasmitja.com\/ca\/wp-json\/wp\/v2\/comments?post=9"}],"version-history":[{"count":3,"href":"https:\/\/www.netegesmasmitja.com\/ca\/wp-json\/wp\/v2\/pages\/9\/revisions"}],"predecessor-version":[{"id":284,"href":"https:\/\/www.netegesmasmitja.com\/ca\/wp-json\/wp\/v2\/pages\/9\/revisions\/284"}],"wp:featuredmedia":[{"embeddable":true,"href":"https:\/\/www.netegesmasmitja.com\/ca\/wp-json\/wp\/v2\/media\/275"}],"wp:attachment":[{"href":"https:\/\/www.netegesmasmitja.com\/ca\/wp-json\/wp\/v2\/media?parent=9"}],"curies":[{"name":"wp","href":"https:\/\/api.w.org\/{rel}","templated":true}]}}