{"id":79,"date":"2018-07-30T18:45:19","date_gmt":"2018-07-30T18:45:19","guid":{"rendered":"http:\/\/dev-wp.com\/?page_id=79"},"modified":"2018-09-05T18:19:08","modified_gmt":"2018-09-05T16:19:08","slug":"qui-som","status":"publish","type":"page","link":"https:\/\/www.netegesmasmitja.com\/ca\/qui-som\/","title":{"rendered":"Qui som"},"content":{"rendered":"<p>Neteges Masmitj\u00e0 SL \u00e9s una empresa familiar de Capmany (Alt Empord\u00e0) amb molts anys d&#8217;experi\u00e8ncia en el sector de la neteja industrial i manteniment de canonades. Som especialistes en:<\/p>\n<ul class=\"list-unstyled\">\n<li><i class=\"fa fa-check\"><\/i> desemb\u00fas de canonades<\/li>\n<li><i class=\"fa fa-check\"><\/i> detecci\u00f3 i inspecci\u00f3 de canonades<\/li>\n<li><i class=\"fa fa-check\"><\/i> desembussos de baixants de wc i rentadores<\/li>\n<li><i class=\"fa fa-check\"><\/i> desemb\u00fas de sifons<\/li>\n<li><i class=\"fa fa-check\"><\/i> neteja d&#8217;arquetes i pous<\/li>\n<li><i class=\"fa fa-check\"><\/i> neteja de fosses s\u00e8ptiques<\/li>\n<li><i class=\"fa fa-check\"><\/i> bombejar aigua de parkings, cases o locals inundats<\/li>\n<li><i class=\"fa fa-check\"><\/i> buidatge i neteja de piscines<\/li>\n<\/ul>\n<p>A Neteges Masmitj\u00e0 apostem per la innovaci\u00f3 i disposem d&#8217;equips d&#8217;\u00faltima generaci\u00f3. Tots els nostres vehicles passen les inspeccions anuals de l&#8217;Ag\u00e8ncia de Residus de Catalunya. Comptem amb diferents mides de camions; entre ells, un vehicle per poder passar per carrers estrets i accedir a parkings inundats.<\/p>\n<p>Oferim els nostres serveis a particulars, empreses, ajuntaments i altres institucions p\u00fabliques de l&#8217;Alt Empord\u00e0.<\/p>\n","protected":false},"excerpt":{"rendered":"<p>Neteges Masmitj\u00e0 SL \u00e9s una empresa familiar de Capmany (Alt Empord\u00e0) amb molts anys d&#8217;experi\u00e8ncia en el sector de la neteja industrial i manteniment de canonades. Som especialistes en: desemb\u00fas de canonades detecci\u00f3 i inspecci\u00f3 de canonades desembussos de baixants de wc i rentadores desemb\u00fas de sifons neteja d&#8217;arquetes i [&hellip;]<\/p>\n","protected":false},"author":1,"featured_media":266,"parent":0,"menu_order":0,"comment_status":"closed","ping_status":"closed","template":"","meta":[],"_links":{"self":[{"href":"https:\/\/www.netegesmasmitja.com\/ca\/wp-json\/wp\/v2\/pages\/79"}],"collection":[{"href":"https:\/\/www.netegesmasmitja.com\/ca\/wp-json\/wp\/v2\/pages"}],"about":[{"href":"https:\/\/www.netegesmasmitja.com\/ca\/wp-json\/wp\/v2\/types\/page"}],"author":[{"embeddable":true,"href":"https:\/\/www.netegesmasmitja.com\/ca\/wp-json\/wp\/v2\/users\/1"}],"replies":[{"embeddable":true,"href":"https:\/\/www.netegesmasmitja.com\/ca\/wp-json\/wp\/v2\/comments?post=79"}],"version-history":[{"count":1,"href":"https:\/\/www.netegesmasmitja.com\/ca\/wp-json\/wp\/v2\/pages\/79\/revisions"}],"predecessor-version":[{"id":258,"href":"https:\/\/www.netegesmasmitja.com\/ca\/wp-json\/wp\/v2\/pages\/79\/revisions\/258"}],"wp:featuredmedia":[{"embeddable":true,"href":"https:\/\/www.netegesmasmitja.com\/ca\/wp-json\/wp\/v2\/media\/266"}],"wp:attachment":[{"href":"https:\/\/www.netegesmasmitja.com\/ca\/wp-json\/wp\/v2\/media?parent=79"}],"curies":[{"name":"wp","href":"https:\/\/api.w.org\/{rel}","templated":true}]}}