{"id":10,"date":"2018-07-30T16:28:18","date_gmt":"2018-07-30T16:28:18","guid":{"rendered":"http:\/\/dev-wp.com\/?page_id=3"},"modified":"2019-05-09T17:08:33","modified_gmt":"2019-05-09T15:08:33","slug":"politica-privacitat","status":"publish","type":"page","link":"https:\/\/www.netegesmasmitja.com\/ca\/politica-privacitat\/","title":{"rendered":"Av\u00eds Legal i Pol\u00edtica de privacitat"},"content":{"rendered":"\n<p><strong>1) INFORMACI\u00d3 DEL TITULAR<\/strong><br> En compliment de l&#8217;article 10 de la Llei 34\/2002, d&#8217;11 de juliol, de Serveis de la Societat de la Informaci\u00f3 i Comer\u00e7 Electr\u00f2nic, a continuaci\u00f3, s&#8217;exposen les dades identificatives del Titular:<\/p>\n\n\n\n<ul><li>Web: www.netegesmasmitja.com <\/li><li> Titular: NETEGES MASMITJA, S.L. (en endavant NETEGES MASMITJA)<\/li><li> Domicili: CALLE PUJADA, 20, 17750 CAPMANY (Gerona)<\/li><li> C.I.F: B55054332 <\/li><li> Tel\u00e8fon: 626 209 208<\/li><li> Correu electr\u00f2nic: info@netegesmasmitja.com <\/li><\/ul>\n\n\n\n<p><strong>2) CONDICIONS D\u2019 ACC\u00c9S Y \u00daS<\/strong><br> Qualsevol persona que accedeixi a la Web de NETEGES MASMITJA tindr\u00e0 la consideraci\u00f3 d&#8217;Usuari. L&#8217;Usuari es compromet a utilitzar la p\u00e0gina Web i aquells serveis posats a la seva disposici\u00f3 a trav\u00e9s de la mateixa, de manera concorde a la Llei, a la moral, als bons costums i a l\u2019ordre p\u00fablic, aix\u00ed com amb el que es disposa en les presents cl\u00e0usules. En conseq\u00fc\u00e8ncia, queda obligat a no utilitzar la Web amb finalitats o efectes il\u00b7l\u00edcits i\/o contraris a l&#8217;establert, lesius de drets i\/o interessos de tercers o que, de qualsevol forma, puguin danyar la Web o impedir el seu \u00fas normal, o dels serveis accessibles a trav\u00e9s de la mateixa.<\/p>\n\n\n\n<p>La utilitzaci\u00f3 de la Web i\/o dels seus Serveis, suposar\u00e0 l&#8217;acceptaci\u00f3 plena i sense reserves, i la validesa, de totes i cadascuna de les cl\u00e0usules recollides en l&#8217;\u00faltima versi\u00f3 actualitzada d&#8217;aquest Av\u00eds Legal, per la qual cosa l&#8217;Usuari haur\u00e0 de ser conscient de la import\u00e0ncia de llegir-les cada vegada que visiti la Web.<\/p>\n\n\n\n<p><strong> 3) PROPIETAT INTELECTUAL<\/strong><br> El codi font, els dissenys gr\u00e0fics, les imatges, les fotografies, els v\u00eddeos, els sons, les animacions, el programari, els textos, aix\u00ed com la informaci\u00f3 i els continguts que es recullen a la Web estan protegits per la legislaci\u00f3 espanyola sobre els drets de propietat intel\u00b7lectual i industrial a favor de NETEGES MASMITJA o de terceres llic\u00e8ncies. No es permet la reproducci\u00f3 i\/o publicaci\u00f3, total o parcial, de la Web, ni el seu tractament inform\u00e0tic, la seva distribuci\u00f3, la seva difusi\u00f3, ni la seva modificaci\u00f3, transformaci\u00f3 o descompilaci\u00f3, ni altres drets reconeguts legalment al seu titular, sense el perm\u00eds previ i per escrit del mateix. L&#8217;Usuari, \u00fanica i exclusivament, pot utilitzar el material que aparegui a la Web per al seu \u00fas personal i privat, quedant prohibit el seu \u00fas amb finalitats comercials o per inc\u00f3rrer en activitats il\u00b7l\u00edcites. Tots els drets derivats de la propietat intel\u00b7lectual estan expressament reservats per NETEGES MASMITJA o les terceres llic\u00e8ncies, que vetllar\u00e0 pel compliment de les anteriors condicions com per la deguda utilitzaci\u00f3 dels continguts presentats a les seves p\u00e0gines web, exercitant totes les accions civils i penals que li corresponguin en el cas d&#8217;infracci\u00f3 o incompliment d&#8217;aquests drets per part de l&#8217;Usuari.<\/p>\n\n\n\n<p><strong>4) POL\u00cdTICA DE PRIVACITAT.<\/strong><br>NETEGES MASMITJA  es compromet a protegir la privacitat dels usuaris que accedeixin a  aquest web i\/o qualsevol dels seus serveis. LA utilitzaci\u00f3 del web i\/ qualsevol dels serveis oferts per NETEGES MASMITJA, implica l\u2019acceptaci\u00f3 per part de l\u2019usuari de les disposicions contingudes en la present Av\u00eds Legal i Pol\u00edtica de Privacitat i que les seves dades personals siguin tractades segons s\u2019estipula. Per favor tingui en compte que encara que pugui haver-hi enlla\u00e7os del nostre web a altres webs, aquesta Pol\u00edtica de Privacitat no s\u2019aplica a altres companyies o organitzacions a les que el web estigui redirigit. NETEGES MASMITJA no controla el contingut dels webs de tercers ni accepta cap tipus de responsabilitat  pel contingut o les pol\u00edtiques de privacitat d\u2019 aquests lloc web. <\/p>\n\n\n\n<p><strong>5) Q\u00dcESTIONS SOBRE PRIVACITAT<\/strong><br> En compliment del Reglament (UE) 2016\/679 del Parlament Europeu i del Consell, de 27 d&#8217;abril de 2016, (RGPD) i de la Llei Org\u00e0nica 3\/2018, de 5 de desembre, de Protecci\u00f3 de Dades Personals i garantia dels drets digitals (LOPD GDD), li oferim la seg\u00fcent informaci\u00f3 sobre el tractament de les seves dades personals:<\/p>\n\n\n\n<ul><li><strong>Qui \u00e9s el responsable del tractament de les seves dades?<\/strong><br>NETEGES MASMITJA <br>Les nostres dades figuren a l&#8217;inici d&#8217;aquest av\u00eds legal.<br>Tractem la informaci\u00f3 que se\u2019ns facilita per prestar i facturar els nostres serveis i productes.<br>Si ens dona el seu consentiment tamb\u00e9 podrem tractar les seves dades per enviar-li informaci\u00f3 sobre les nostres activitats, productes o serveis.<\/li><li><strong>Durant quant de temps conservarem les seves dades?<\/strong><br>Les dades personals proporcionades es conservaran mentre sigui usuari dels nostres serveis o en vulgui rebre informaci\u00f3, i si participa en una promoci\u00f3 mentre aquesta estigui activa, i despr\u00e9s, durant el terminis establerts per complir amb les nostres obligacions legals.<\/li><\/ul>\n\n\n\n<ul><li><strong>Quina \u00e9s la legitimaci\u00f3 per al tractament de les seves dades?<\/strong><br>La base legal per als tractaments de les seves dades s\u00f3n els consentiments que ens dona. (Menors de 16 anys) Se entendr\u00e0 que la informaci\u00f3 enviada per menors de 16 anys ho ha sigut pel consentiment dels seus representants legals. De no ser aix\u00ed el\/la representant legal ho ha de fer saber en quant sigui possible. <\/li><\/ul>\n\n\n\n<ul><li><strong>A quins destinataris es comunicaran les seves dades?<\/strong><br>Les dades no seran comunicades a tercers, llevat que ho exigeixi una llei o sigui necessari per complir amb la finalitat del tractament.<ul><li>Qualsevol persona t\u00e9 dret a obtenir confirmaci\u00f3 sobre si estem tractant o no les seves dades personals.<\/li><\/ul><ul><li> Les persones interessades tenen dret a accedir a les seves dades personals, aix\u00ed com a sol\u00b7licitar la rectificaci\u00f3 de les dades inexactes o, si s\u2019escau, sol\u00b7licitar la seva supressi\u00f3 quan, entre d&#8217;altres motius, les dades ja no siguin necess\u00e0ries per a les finalitats per a les quals es van recollir. <\/li><\/ul><ul><li> En determinades circumst\u00e0ncies els interessats podran sol\u00b7licitar la limitaci\u00f3 del tractament de les seves dades, en aquest cas \u00fanicament les conservarem per a l&#8217;exercici o la defensa de reclamacions.<\/li><li>En determinades circumst\u00e0ncies i per motius relacionats amb la seva situaci\u00f3 particular, els\/les interessats\/des es poden oposar al tractament de les seves dades. En aquest cas deixarem de tractar-les, excepte per motius leg\u00edtims imperiosos o per a l&#8217;exercici o la defensa de possibles reclamacions.<\/li><li>Les persones interessades tamb\u00e9 tenen dret a la portabilitat de les seves dades.<\/li><li>Finalment, els\/les interessats\/des tenen dret a presentar una reclamaci\u00f3 davant l&#8217;Autoritat de Control competent.<\/li><\/ul><\/li><\/ul>\n\n\n\n<ul><li><strong>Com pot exercir els seus drets?<\/strong><br>Enviant-nos un escrit adjuntant una c\u00f2pia d\u2019un documento que l\u2019identifiqui a la nostra adre\u00e7a f\u00edsica o electr\u00f2nica (que apareixen al comen\u00e7ament del present Avis Legal.<\/li><\/ul>\n\n\n\n<ul><li><strong>Com hem obtingut les seves dades?<\/strong><br>Les dades personals que tractem procedeixen del propi interessat, qui garanteix que les dades personals facilitades s\u00f3n certes i es fa responsable de comunicar-ne qualsevol modificaci\u00f3. Les dades que estiguin marcades amb un asterisc s\u00f3n obligat\u00f2ries per poder-li donar el servei sol\u00b7licitat.<\/li><\/ul>\n\n\n\n<ul><li><strong>Quines dades tractem?<\/strong><br>Les categories de dades que podem tractar s\u00f3n: <ul><li> Dades de car\u00e0cter identificatiu.<\/li><li> Adreces postals o electr\u00f2niques<\/li><li> Altres dades sol\u00b7licitades en els nostres formularis.<br><\/li><\/ul><\/li><\/ul>\n\n\n\n<p>Les dades s\u00f3n limitades, at\u00e8s que \u00fanicament tractem les dades necess\u00e0ries per a la prestaci\u00f3 dels nostres serveis i la gesti\u00f3 de la nostra activitat.<\/p>\n\n\n\n<p><strong>6) \u00bfQUINES MESURES DE SEGURETAT APLIQUEM?<\/strong><br> Apliquem les mesures de seguretat establertes a l&#8217;article 32 del RGPD, per tant hem adoptat les mesures de seguretat necess\u00e0ries per garantir un nivell de seguretat adequat al risc del tractament de dades que realitzem, amb mecanismes que ens permeten garantir la confidencialitat, integritat, disponibilitat i resili\u00e8ncia permanent dels sistemes i serveis de tractament.<br> Algunes d\u2019aquestes mesures s\u00f3n:<\/p>\n\n\n\n<ul><li> Informaci\u00f3 de les pol\u00edtiques de tractament de dades al personal.<\/li><li> Realitzaci\u00f3 de c\u00f2pies de seguretat peri\u00f2diques.<\/li><li> Control d&#8217;acc\u00e9s a les dades.<\/li><li> Processos de verificaci\u00f3, avaluaci\u00f3 i valoraci\u00f3 regulars.<\/li><\/ul>\n\n\n\n<p><strong>7) EXCLUSI\u00d3 DE RESPONSABILITAT<\/strong><br>NETEGES MASMITJA act\u00faa amb la m\u00e0xima dilig\u00e8ncia possible perqu\u00e8 les dades i la informaci\u00f3 que ofereix al seu lloc web estigui actualitzada en tot moment, si b\u00e9 no garanteix ni es fa responsable de l&#8217;exactitud i actualitzaci\u00f3 dels continguts del lloc web, reservant-se el dret a modificar aquests continguts en qualsevol moment. NETEGES MASMITJA tampoc ser\u00e0 responsable de la informaci\u00f3 que es pot obtenir a trav\u00e9s d&#8217;enlla\u00e7os inclosos en el lloc web.<\/p>\n\n\n\n<p>Les relacions comercials amb els clients es regiran per les condicions generals que, si s\u2019escau, s&#8217;estableixin per NETEGES MASMITJA en un document espec\u00edfic a aquest efecte, o pels pactes concrets que es puguin acordar amb els clients.<\/p>\n\n\n\n<p><strong> 8) POL\u00cdTICA DE INFORMACI\u00d3 Y PUBLICITAT COMERCIAL.<\/strong><br>NETEGES MASMITJA es compromet a trav\u00e9s d&#8217;aquest mitj\u00e0 a no realitzar publicitat enganyosa. A aquests efectes, per tant, no seran considerats com a publicitat enganyosa els errors formals o num\u00e8rics que puguin trobar-se al llarg del contingut de les diferents seccions de la Web, produ\u00efts com a conseq\u00fc\u00e8ncia d&#8217;un manteniment i\/o actualitzaci\u00f3 incompleta de la informaci\u00f3 continguda en aquestes seccions. NETEGES MASMITJA, com a conseq\u00fc\u00e8ncia del que es disposa en aquest apartat, es compromet a corregir-ho tan aviat com tingui coneixement d&#8217;aquests errors.  <\/p>\n\n\n\n<p>NETEGES MASMITJA es compromet a no remetre comunicacions comercials sense identificar-les com a tals, conforme al que es disposa en la Llei 34\/2002 de Serveis de la Societat de la Informaci\u00f3 i de comer\u00e7 electr\u00f2nic. A aquests efectes no ser\u00e0 considerat com a comunicaci\u00f3 comercial tota la informaci\u00f3 que s&#8217;envi\u00ef als clients de NETEGES MASMITJA sempre que tingui per finalitat el manteniment de la relaci\u00f3 contractual existent entre client i NETEGES MASMITJA, aix\u00ed com l&#8217;acompliment de les tasques d&#8217;informaci\u00f3 i altres activitats pr\u00f2pies del servei que el client t\u00e9 contractat. <\/p>\n\n\n\n<p><strong>9) CONDICIONS D\u2019US. JURISDICCI\u00d3 I LLEIS APLICABLES.<\/strong><br>L\u2019\u00fas d\u2019 aquest lloc web implica l\u2019acceptaci\u00f3 plena dels  termes del present avis legal.  El present  Avis Legal y totes las relaciones que s&#8217;estableixin entre NETEGES MASMITJA i l&#8217;Usuari de la Web i els seus serveis es regiran per l&#8217;establert en la legislaci\u00f3 espanyola. <\/p>\n\n\n\n<blockquote class=\"wp-block-quote\"><p>\u00daltima revisi\u00f3: gener 2019<\/p><\/blockquote>\n","protected":false},"excerpt":{"rendered":"<p>1) INFORMACI\u00d3 DEL TITULAR En compliment de l&#8217;article 10 de la Llei 34\/2002, d&#8217;11 de juliol, de Serveis de la Societat de la Informaci\u00f3 i Comer\u00e7 Electr\u00f2nic, a continuaci\u00f3, s&#8217;exposen les dades identificatives del Titular: Web: www.netegesmasmitja.com Titular: NETEGES MASMITJA, S.L. (en endavant NETEGES MASMITJA) Domicili: CALLE PUJADA, 20, 17750 [&hellip;]<\/p>\n","protected":false},"author":1,"featured_media":234,"parent":0,"menu_order":0,"comment_status":"closed","ping_status":"open","template":"","meta":[],"_links":{"self":[{"href":"https:\/\/www.netegesmasmitja.com\/ca\/wp-json\/wp\/v2\/pages\/10"}],"collection":[{"href":"https:\/\/www.netegesmasmitja.com\/ca\/wp-json\/wp\/v2\/pages"}],"about":[{"href":"https:\/\/www.netegesmasmitja.com\/ca\/wp-json\/wp\/v2\/types\/page"}],"author":[{"embeddable":true,"href":"https:\/\/www.netegesmasmitja.com\/ca\/wp-json\/wp\/v2\/users\/1"}],"replies":[{"embeddable":true,"href":"https:\/\/www.netegesmasmitja.com\/ca\/wp-json\/wp\/v2\/comments?post=10"}],"version-history":[{"count":6,"href":"https:\/\/www.netegesmasmitja.com\/ca\/wp-json\/wp\/v2\/pages\/10\/revisions"}],"predecessor-version":[{"id":342,"href":"https:\/\/www.netegesmasmitja.com\/ca\/wp-json\/wp\/v2\/pages\/10\/revisions\/342"}],"wp:featuredmedia":[{"embeddable":true,"href":"https:\/\/www.netegesmasmitja.com\/ca\/wp-json\/wp\/v2\/media\/234"}],"wp:attachment":[{"href":"https:\/\/www.netegesmasmitja.com\/ca\/wp-json\/wp\/v2\/media?parent=10"}],"curies":[{"name":"wp","href":"https:\/\/api.w.org\/{rel}","templated":true}]}}